{"id":2,"date":"2023-11-24T15:48:54","date_gmt":"2023-11-24T14:48:54","guid":{"rendered":"http:\/\/vmaindustrie.fr\/?page_id=2"},"modified":"2024-01-03T11:23:08","modified_gmt":"2024-01-03T10:23:08","slug":"accueil","status":"publish","type":"page","link":"https:\/\/vmaindustrie.fr\/","title":{"rendered":"Accueil"},"content":{"rendered":"\n<p>En 1995, VMA Industrie a \u00e9t\u00e9 fond\u00e9e, se sp\u00e9cialisant dans les syst\u00e8mes de pompage, la nano-filtration et l&rsquo;osmose inverse, principalement dans le domaine de l&rsquo;\u00e9puration membranaire des eaux us\u00e9es municipales, des effluents industriels, ainsi que dans la s\u00e9paration et la concentration de liquides.<\/p>\n\n\n\n<p>En 2020, VMA a rejoint <a href=\"https:\/\/liqsystem.fr\/\" target=\"_blank\" rel=\"noreferrer noopener\">Liq\u2019System SAS<\/a>, avec laquelle elle avait d\u00e9j\u00e0 collabor\u00e9 pendant plusieurs ann\u00e9es. En plus de la conception et de la fabrication de pilotes de laboratoire ou de production pour des processus d&rsquo;ultrafiltration (UF) ou d&rsquo;osmose inverse, notamment pour l&rsquo;industrie pharmaceutique, Liq\u2019System assure la maintenance de tous les pilotes produits par VMA depuis ses d\u00e9buts. Elle fournit \u00e9galement l&rsquo;ensemble des consommables, membranes, pi\u00e8ces de rechange pour les pompes, ainsi que tous les composants n\u00e9cessaires au bon fonctionnement.<\/p>\n\n\n\n<p>Liq\u2019System se charge de la conception et de la fabrication de diff\u00e9rents types de pilotes en fonction des sp\u00e9cifications du client. De plus, elle r\u00e9alise la recherche et le d\u00e9veloppement du processus, effectue les tests n\u00e9cessaires sur des pilotes d&rsquo;essai afin de vous proposer le pilote correspondant parfaitement \u00e0 vos besoins.<\/p>\n\n\n\n<p><\/p>\n","protected":false},"excerpt":{"rendered":"<p>En 1995, VMA Industrie a \u00e9t\u00e9 fond\u00e9e, se sp\u00e9cialisant dans les syst\u00e8mes de pompage, la nano-filtration et l&rsquo;osmose inverse, principalement dans le domaine de l&rsquo;\u00e9puration membranaire des eaux us\u00e9es municipales, des effluents industriels, ainsi que dans la s\u00e9paration et la concentration de liquides. En 2020, VMA a rejoint Liq\u2019System SAS, avec laquelle elle avait d\u00e9j\u00e0&#8230;<\/p>\n","protected":false},"author":1,"featured_media":0,"parent":0,"menu_order":0,"comment_status":"closed","ping_status":"closed","template":"","meta":{"_kad_post_transparent":"","_kad_post_title":"","_kad_post_layout":"","_kad_post_sidebar_id":"","_kad_post_content_style":"","_kad_post_vertical_padding":"","_kad_post_feature":"","_kad_post_feature_position":"","_kad_post_header":false,"_kad_post_footer":false,"footnotes":""},"_links":{"self":[{"href":"https:\/\/vmaindustrie.fr\/index.php\/wp-json\/wp\/v2\/pages\/2"}],"collection":[{"href":"https:\/\/vmaindustrie.fr\/index.php\/wp-json\/wp\/v2\/pages"}],"about":[{"href":"https:\/\/vmaindustrie.fr\/index.php\/wp-json\/wp\/v2\/types\/page"}],"author":[{"embeddable":true,"href":"https:\/\/vmaindustrie.fr\/index.php\/wp-json\/wp\/v2\/users\/1"}],"replies":[{"embeddable":true,"href":"https:\/\/vmaindustrie.fr\/index.php\/wp-json\/wp\/v2\/comments?post=2"}],"version-history":[{"count":4,"href":"https:\/\/vmaindustrie.fr\/index.php\/wp-json\/wp\/v2\/pages\/2\/revisions"}],"predecessor-version":[{"id":46,"href":"https:\/\/vmaindustrie.fr\/index.php\/wp-json\/wp\/v2\/pages\/2\/revisions\/46"}],"wp:attachment":[{"href":"https:\/\/vmaindustrie.fr\/index.php\/wp-json\/wp\/v2\/media?parent=2"}],"curies":[{"name":"wp","href":"https:\/\/api.w.org\/{rel}","templated":true}]}}